{"id":7571,"date":"2023-04-18T11:49:42","date_gmt":"2023-04-18T11:49:42","guid":{"rendered":"https:\/\/grandkolpa.si\/teambuilding\/"},"modified":"2023-11-14T09:42:41","modified_gmt":"2023-11-14T09:42:41","slug":"teambuilding","status":"publish","type":"page","link":"https:\/\/grandkolpa.si\/en\/teambuilding\/","title":{"rendered":"Teambuilding"},"content":{"rendered":"\t\t<div data-elementor-type=\"wp-page\" data-elementor-id=\"7571\" class=\"elementor elementor-7571 elementor-6793\" data-elementor-post-type=\"page\">\n\t\t\t\t\t\t<section class=\"elementor-section elementor-top-section elementor-element elementor-element-72652ff8 elementor-section-boxed elementor-section-height-default elementor-section-height-default\" data-id=\"72652ff8\" data-element_type=\"section\" data-e-type=\"section\">\n\t\t\t\t\t\t<div class=\"elementor-container elementor-column-gap-default\">\n\t\t\t\t\t<div class=\"elementor-column elementor-col-50 elementor-top-column elementor-element elementor-element-407b14ca\" data-id=\"407b14ca\" data-element_type=\"column\" data-e-type=\"column\">\n\t\t\t<div class=\"elementor-widget-wrap elementor-element-populated\">\n\t\t\t\t\t\t<div class=\"elementor-element elementor-element-4da6ef58 elementor-widget__width-initial elementor-widget-mobile__width-initial elementor-widget elementor-widget-heading\" data-id=\"4da6ef58\" data-element_type=\"widget\" data-e-type=\"widget\" data-widget_type=\"heading.default\">\n\t\t\t\t<div class=\"elementor-widget-container\">\n\t\t\t\t\t<h2 class=\"elementor-heading-title elementor-size-default\">Give your team an unforgettable teambuilding experience<\/h2>\t\t\t\t<\/div>\n\t\t\t\t<\/div>\n\t\t\t\t<div class=\"elementor-element elementor-element-207acc01 elementor-widget elementor-widget-text-editor\" data-id=\"207acc01\" data-element_type=\"widget\" data-e-type=\"widget\" data-widget_type=\"text-editor.default\">\n\t\t\t\t<div class=\"elementor-widget-container\">\n\t\t\t\t\t\t\t\t\t<\/p>\n<p>We can organise the following activities for your company:<\/p>\n<ul>\n<li>organised boating with guides<\/li>\n<li>chess workshop with the first Slovenian Grandmaster<\/li>\n<li>preparing and baking a local cake<\/li>\n<li>farm games<\/li>\n<\/ul>\n\t\t\t\t\t\t\t\t<\/div>\n\t\t\t\t<\/div>\n\t\t\t\t\t<\/div>\n\t\t<\/div>\n\t\t\t\t<div class=\"elementor-column elementor-col-50 elementor-top-column elementor-element elementor-element-6c78fe97\" data-id=\"6c78fe97\" data-element_type=\"column\" data-e-type=\"column\">\n\t\t\t<div class=\"elementor-widget-wrap elementor-element-populated\">\n\t\t\t\t\t\t<div class=\"elementor-element elementor-element-450402be elementor-widget elementor-widget-image\" data-id=\"450402be\" data-element_type=\"widget\" data-e-type=\"widget\" data-widget_type=\"image.default\">\n\t\t\t\t<div class=\"elementor-widget-container\">\n\t\t\t\t\t\t\t\t\t\t\t\t\t\t\t<img fetchpriority=\"high\" decoding=\"async\" width=\"540\" height=\"540\" src=\"https:\/\/grandkolpa.si\/wp-content\/uploads\/2023\/04\/kolpa-raft.png\" class=\"attachment-full size-full wp-image-7489\" alt=\"\" srcset=\"https:\/\/grandkolpa.si\/wp-content\/uploads\/2023\/04\/kolpa-raft.png 540w, https:\/\/grandkolpa.si\/wp-content\/uploads\/2023\/04\/kolpa-raft-300x300.png 300w, https:\/\/grandkolpa.si\/wp-content\/uploads\/2023\/04\/kolpa-raft-150x150.png 150w, https:\/\/grandkolpa.si\/wp-content\/uploads\/2023\/04\/elementor\/thumbs\/kolpa-raft-q5h808ckn0bq62sgs09b7yu9cn9vkqtxlpzamuv8o0.png 400w\" sizes=\"(max-width: 540px) 100vw, 540px\" \/>\t\t\t\t\t\t\t\t\t\t\t\t\t\t\t<\/div>\n\t\t\t\t<\/div>\n\t\t\t\t\t<\/div>\n\t\t<\/div>\n\t\t\t\t\t<\/div>\n\t\t<\/section>\n\t\t\t\t<section class=\"elementor-section elementor-top-section elementor-element elementor-element-3ef85daf elementor-section-stretched elementor-section-boxed elementor-section-height-default elementor-section-height-default\" data-id=\"3ef85daf\" data-element_type=\"section\" data-e-type=\"section\" data-settings=\"{&quot;stretch_section&quot;:&quot;section-stretched&quot;}\">\n\t\t\t\t\t\t\t<div class=\"elementor-background-overlay\"><\/div>\n\t\t\t\t\t\t\t<div class=\"elementor-container elementor-column-gap-default\">\n\t\t\t\t\t<div class=\"elementor-column elementor-col-50 elementor-top-column elementor-element elementor-element-70e3cda8\" data-id=\"70e3cda8\" data-element_type=\"column\" data-e-type=\"column\">\n\t\t\t<div class=\"elementor-widget-wrap elementor-element-populated\">\n\t\t\t\t\t\t<div class=\"elementor-element elementor-element-7e53f3ad elementor-widget elementor-widget-image\" data-id=\"7e53f3ad\" data-element_type=\"widget\" data-e-type=\"widget\" data-widget_type=\"image.default\">\n\t\t\t\t<div class=\"elementor-widget-container\">\n\t\t\t\t\t\t\t\t\t\t\t\t\t\t\t<img decoding=\"async\" width=\"540\" height=\"540\" src=\"https:\/\/grandkolpa.si\/wp-content\/uploads\/2023\/04\/grandkolpa-gumar-izposoja.png\" class=\"attachment-full size-full wp-image-7486\" alt=\"\" srcset=\"https:\/\/grandkolpa.si\/wp-content\/uploads\/2023\/04\/grandkolpa-gumar-izposoja.png 540w, https:\/\/grandkolpa.si\/wp-content\/uploads\/2023\/04\/grandkolpa-gumar-izposoja-300x300.png 300w, https:\/\/grandkolpa.si\/wp-content\/uploads\/2023\/04\/grandkolpa-gumar-izposoja-150x150.png 150w, https:\/\/grandkolpa.si\/wp-content\/uploads\/2023\/04\/elementor\/thumbs\/grandkolpa-gumar-izposoja-q5h805j22i7v78wk8h1fihjvkhnrxniqlc0u70zf6o.png 400w\" sizes=\"(max-width: 540px) 100vw, 540px\" \/>\t\t\t\t\t\t\t\t\t\t\t\t\t\t\t<\/div>\n\t\t\t\t<\/div>\n\t\t\t\t\t<\/div>\n\t\t<\/div>\n\t\t\t\t<div class=\"elementor-column elementor-col-50 elementor-top-column elementor-element elementor-element-752f6fbf\" data-id=\"752f6fbf\" data-element_type=\"column\" data-e-type=\"column\">\n\t\t\t<div class=\"elementor-widget-wrap elementor-element-populated\">\n\t\t\t\t\t\t<div class=\"elementor-element elementor-element-7850e0fb elementor-widget elementor-widget-heading\" data-id=\"7850e0fb\" data-element_type=\"widget\" data-e-type=\"widget\" data-widget_type=\"heading.default\">\n\t\t\t\t<div class=\"elementor-widget-container\">\n\t\t\t\t\t<h2 class=\"elementor-heading-title elementor-size-default\"><br><span dir=\"ltr\" role=\"presentation\">Programme and description of activities:<\/span><span id=\"page5R_mcid15\" class=\"markedContent\"><br role=\"presentation\"><\/span><\/h2>\t\t\t\t<\/div>\n\t\t\t\t<\/div>\n\t\t\t\t<div class=\"elementor-element elementor-element-462b832f elementor-widget__width-initial elementor-widget-mobile__width-initial elementor-widget elementor-widget-text-editor\" data-id=\"462b832f\" data-element_type=\"widget\" data-e-type=\"widget\" data-widget_type=\"text-editor.default\">\n\t\t\t\t<div class=\"elementor-widget-container\">\n\t\t\t\t\t\t\t\t\t<p>On arrival, we welcome you with an aperitif and coffee and introduce you to the Kolpe Valley and our story. The following are the groupings. Your colleagues who decide to spend a day on the water will take an organised shuttle to the launch site and start an unforgettable water adventure on the tranquil Kolpa River. \u010ce \u017eelite razgibati male sive celice, se lahko odlo\u010dite za edinstveno&nbsp;\u0161ahovsko delavnico.&nbsp;Doma\u010dinka in prva slovenska velemojstrica Darja Kap\u0161 vam bo kraljevsko igro predstavila&nbsp;kot umetnost, znanost, psihologijo in \u0161port. Through chess, you&#8217;ll build team spirit, work together&nbsp;to find the best solutions and see how the golden rules of chess work in real life.&nbsp;<\/p>\n\t\t\t\t\t\t\t\t<\/div>\n\t\t\t\t<\/div>\n\t\t\t\t\t<\/div>\n\t\t<\/div>\n\t\t\t\t\t<\/div>\n\t\t<\/section>\n\t\t\t\t<section class=\"elementor-section elementor-top-section elementor-element elementor-element-74e9a77 elementor-section-boxed elementor-section-height-default elementor-section-height-default\" data-id=\"74e9a77\" data-element_type=\"section\" data-e-type=\"section\">\n\t\t\t\t\t\t<div class=\"elementor-container elementor-column-gap-default\">\n\t\t\t\t\t<div class=\"elementor-column elementor-col-50 elementor-top-column elementor-element elementor-element-4a70f814\" data-id=\"4a70f814\" data-element_type=\"column\" data-e-type=\"column\">\n\t\t\t<div class=\"elementor-widget-wrap elementor-element-populated\">\n\t\t\t\t\t\t<div class=\"elementor-element elementor-element-7e18957f elementor-widget-mobile__width-initial elementor-widget elementor-widget-heading\" data-id=\"7e18957f\" data-element_type=\"widget\" data-e-type=\"widget\" data-widget_type=\"heading.default\">\n\t\t\t\t<div class=\"elementor-widget-container\">\n\t\t\t\t\t<h2 class=\"elementor-heading-title elementor-size-default\">WE HOPE YOU HAVE AN UNFORGETTABLE\n\n<\/h2>\t\t\t\t<\/div>\n\t\t\t\t<\/div>\n\t\t\t\t<div class=\"elementor-element elementor-element-75412fef elementor-widget elementor-widget-text-editor\" data-id=\"75412fef\" data-element_type=\"widget\" data-e-type=\"widget\" data-widget_type=\"text-editor.default\">\n\t\t\t\t<div class=\"elementor-widget-container\">\n\t\t\t\t\t\t\t\t\t<p>As an extra treat, you can learn how to make a local homemade cake. We&#8217;ll share with you an old grandmother&#8217;s recipe for a cake with cheese, homemade speck and salt. If you want to spend the whole day physically active, we can organise outdoor games (tug-of-war, sack-jumping, blindfolded potato-picking, identifying objects in a crate, carrying water, etc.). It is about experiencing traditional traditions in a sporting way, while at the same time building relationships and trust between employees.<\/p>\n<p>After the activities, it&#8217;s time to relax with delicious spoon meals, homemade cakes and the best homemade walnut cake. We are flexible with our menus, and of course cater for vegetarians. After the meal, we can sing together to the sounds of the acoustic guitar, which in our experience is a lot of fun.<\/p>\n\t\t\t\t\t\t\t\t<\/div>\n\t\t\t\t<\/div>\n\t\t\t\t\t<\/div>\n\t\t<\/div>\n\t\t\t\t<div class=\"elementor-column elementor-col-50 elementor-top-column elementor-element elementor-element-76dd0c14\" data-id=\"76dd0c14\" data-element_type=\"column\" data-e-type=\"column\">\n\t\t\t<div class=\"elementor-widget-wrap elementor-element-populated\">\n\t\t\t\t\t\t<div class=\"elementor-element elementor-element-4b9d0390 elementor-widget elementor-widget-image\" data-id=\"4b9d0390\" data-element_type=\"widget\" data-e-type=\"widget\" data-widget_type=\"image.default\">\n\t\t\t\t<div class=\"elementor-widget-container\">\n\t\t\t\t\t\t\t\t\t\t\t\t\t\t\t<img decoding=\"async\" width=\"540\" height=\"540\" src=\"https:\/\/grandkolpa.si\/wp-content\/uploads\/2023\/04\/rafting-na-reki-kolpi.png\" class=\"attachment-full size-full wp-image-7497\" alt=\"\" srcset=\"https:\/\/grandkolpa.si\/wp-content\/uploads\/2023\/04\/rafting-na-reki-kolpi.png 540w, https:\/\/grandkolpa.si\/wp-content\/uploads\/2023\/04\/rafting-na-reki-kolpi-300x300.png 300w, https:\/\/grandkolpa.si\/wp-content\/uploads\/2023\/04\/rafting-na-reki-kolpi-150x150.png 150w, https:\/\/grandkolpa.si\/wp-content\/uploads\/2023\/04\/elementor\/thumbs\/rafting-na-reki-kolpi-q5h80exfyukqfciwpl3p7f6hicdg2mk1ymjozslhgg.png 400w\" sizes=\"(max-width: 540px) 100vw, 540px\" \/>\t\t\t\t\t\t\t\t\t\t\t\t\t\t\t<\/div>\n\t\t\t\t<\/div>\n\t\t\t\t\t<\/div>\n\t\t<\/div>\n\t\t\t\t\t<\/div>\n\t\t<\/section>\n\t\t\t\t<section class=\"elementor-section elementor-top-section elementor-element elementor-element-88d1b2f elementor-section-boxed elementor-section-height-default elementor-section-height-default\" data-id=\"88d1b2f\" data-element_type=\"section\" data-e-type=\"section\">\n\t\t\t\t\t\t<div class=\"elementor-container elementor-column-gap-default\">\n\t\t\t\t\t<div class=\"elementor-column elementor-col-100 elementor-top-column elementor-element elementor-element-2437822\" data-id=\"2437822\" data-element_type=\"column\" data-e-type=\"column\">\n\t\t\t<div class=\"elementor-widget-wrap\">\n\t\t\t\t\t\t\t<\/div>\n\t\t<\/div>\n\t\t\t\t\t<\/div>\n\t\t<\/section>\n\t\t\t\t<section class=\"elementor-section elementor-top-section elementor-element elementor-element-7763d306 elementor-section-boxed elementor-section-height-default elementor-section-height-default\" data-id=\"7763d306\" data-element_type=\"section\" data-e-type=\"section\">\n\t\t\t\t\t\t<div class=\"elementor-container elementor-column-gap-default\">\n\t\t\t\t\t<div class=\"elementor-column elementor-col-100 elementor-top-column elementor-element elementor-element-37804526\" data-id=\"37804526\" data-element_type=\"column\" data-e-type=\"column\">\n\t\t\t<div class=\"elementor-widget-wrap elementor-element-populated\">\n\t\t\t\t\t\t<div class=\"elementor-element elementor-element-29af3ac7 elementor-widget__width-initial elementor-widget elementor-widget-heading\" data-id=\"29af3ac7\" data-element_type=\"widget\" data-e-type=\"widget\" data-widget_type=\"heading.default\">\n\t\t\t\t<div class=\"elementor-widget-container\">\n\t\t\t\t\t<h2 class=\"elementor-heading-title elementor-size-default\">Additional offer\n<br><br><\/h2>\t\t\t\t<\/div>\n\t\t\t\t<\/div>\n\t\t\t\t<div class=\"elementor-element elementor-element-2580ce45 elementor-widget elementor-widget-text-editor\" data-id=\"2580ce45\" data-element_type=\"widget\" data-e-type=\"widget\" data-widget_type=\"text-editor.default\">\n\t\t\t\t<div class=\"elementor-widget-container\">\n\t\t\t\t\t\t\t\t\t<p>The unspoilt nature of the Kolpa Valley invites you to go for walks along the river or to enjoy the beautiful viewpoints in the surroundings throughout the year. During the tourist season, it is also possible to visit the herb farm, where you can smell the herbs on an original learning trail. Our homestead, with its idyllic location on the water, offers you a peaceful getaway with the sound of the Kolpa River and the sun&#8217;s rays gathering. You can also stay overnight, as we offer rooms and two glamping cottages (500 metres from the guest house). In case of a larger number of participants, overnight accommodation is also available in cooperation with other accommodation providers in the valley.<\/p>\n\t\t\t\t\t\t\t\t<\/div>\n\t\t\t\t<\/div>\n\t\t\t\t<div class=\"elementor-element elementor-element-509f22e elementor-arrows-position-inside elementor-widget elementor-widget-image-carousel\" data-id=\"509f22e\" data-element_type=\"widget\" data-e-type=\"widget\" data-settings=\"{&quot;navigation&quot;:&quot;arrows&quot;,&quot;autoplay&quot;:&quot;yes&quot;,&quot;pause_on_hover&quot;:&quot;yes&quot;,&quot;pause_on_interaction&quot;:&quot;yes&quot;,&quot;autoplay_speed&quot;:5000,&quot;infinite&quot;:&quot;yes&quot;,&quot;speed&quot;:500}\" data-widget_type=\"image-carousel.default\">\n\t\t\t\t<div class=\"elementor-widget-container\">\n\t\t\t\t\t\t\t<div class=\"elementor-image-carousel-wrapper swiper\" role=\"region\" aria-roledescription=\"carousel\" aria-label=\"Image Carousel\" dir=\"ltr\">\n\t\t\t<div class=\"elementor-image-carousel swiper-wrapper\" aria-live=\"off\">\n\t\t\t\t\t\t\t\t<div class=\"swiper-slide\" role=\"group\" aria-roledescription=\"slide\" aria-label=\"1 of 3\"><figure class=\"swiper-slide-inner\"><img decoding=\"async\" class=\"swiper-slide-image\" src=\"https:\/\/grandkolpa.si\/wp-content\/uploads\/2023\/06\/3-min-3.png\" alt=\"3-min (3)\" \/><\/figure><\/div><div class=\"swiper-slide\" role=\"group\" aria-roledescription=\"slide\" aria-label=\"2 of 3\"><figure class=\"swiper-slide-inner\"><img decoding=\"async\" class=\"swiper-slide-image\" src=\"https:\/\/grandkolpa.si\/wp-content\/uploads\/2023\/06\/2-min-3.png\" alt=\"2-min (3)\" \/><\/figure><\/div><div class=\"swiper-slide\" role=\"group\" aria-roledescription=\"slide\" aria-label=\"3 of 3\"><figure class=\"swiper-slide-inner\"><img decoding=\"async\" class=\"swiper-slide-image\" src=\"https:\/\/grandkolpa.si\/wp-content\/uploads\/2023\/06\/1-min-3.png\" alt=\"1-min (3)\" \/><\/figure><\/div>\t\t\t<\/div>\n\t\t\t\t\t\t\t\t\t\t\t\t<div class=\"elementor-swiper-button elementor-swiper-button-prev\" role=\"button\" tabindex=\"0\">\n\t\t\t\t\t\t<i aria-hidden=\"true\" class=\"eicon-chevron-left\"><\/i>\t\t\t\t\t<\/div>\n\t\t\t\t\t<div class=\"elementor-swiper-button elementor-swiper-button-next\" role=\"button\" tabindex=\"0\">\n\t\t\t\t\t\t<i aria-hidden=\"true\" class=\"eicon-chevron-right\"><\/i>\t\t\t\t\t<\/div>\n\t\t\t\t\n\t\t\t\t\t\t\t\t\t<\/div>\n\t\t\t\t\t\t<\/div>\n\t\t\t\t<\/div>\n\t\t\t\t\t<\/div>\n\t\t<\/div>\n\t\t\t\t\t<\/div>\n\t\t<\/section>\n\t\t\t\t<section class=\"elementor-section elementor-top-section elementor-element elementor-element-92a5894 elementor-section-boxed elementor-section-height-default elementor-section-height-default\" data-id=\"92a5894\" data-element_type=\"section\" data-e-type=\"section\">\n\t\t\t\t\t\t<div class=\"elementor-container elementor-column-gap-default\">\n\t\t\t\t\t<div class=\"elementor-column elementor-col-100 elementor-top-column elementor-element elementor-element-d50a39d\" data-id=\"d50a39d\" data-element_type=\"column\" data-e-type=\"column\">\n\t\t\t<div class=\"elementor-widget-wrap elementor-element-populated\">\n\t\t\t\t\t\t<div class=\"elementor-element elementor-element-3c74b8f elementor-widget__width-initial elementor-widget elementor-widget-heading\" data-id=\"3c74b8f\" data-element_type=\"widget\" data-e-type=\"widget\" data-widget_type=\"heading.default\">\n\t\t\t\t<div class=\"elementor-widget-container\">\n\t\t\t\t\t<h2 class=\"elementor-heading-title elementor-size-default\">Other specific features\n<br><br><\/h2>\t\t\t\t<\/div>\n\t\t\t\t<\/div>\n\t\t\t\t<div class=\"elementor-element elementor-element-0379bfc elementor-widget elementor-widget-text-editor\" data-id=\"0379bfc\" data-element_type=\"widget\" data-e-type=\"widget\" data-widget_type=\"text-editor.default\">\n\t\t\t\t<div class=\"elementor-widget-container\">\n\t\t\t\t\t\t\t\t\t<h3>Why boating on the Kolpa?<\/h3>\n<p>\u2022 As one of the safer rivers, you will have ample opportunity for a fun or constructive dialogue during the descent itself.<br>\u2022 As in the company &#8211; so on the boat: a common goal achieved through coordinated work\/cooperation<br>\u2022 The magic and beauty of the unspoilt Kolpa valley will enchant you<br>\u2022 A perfect getaway in the heart of the Kolpa River<\/p>\n<h3>YOU CAN TAKE YOUR PET ON THE BOAT<\/h3>\n<p>If your puppy loves the water, he&#8217;ll love it if you take him along for an unforgettable adventure.<\/p>\n<h3>PRESENTATION OF BOATS<\/h3>\n<p>We use Slovenian boats made by Gumar<\/p>\n<p><b>MINI RAFT<\/b><\/p>\n<p>A mini raft is an inflatable canoe suitable and designed for two or three people. It is slightly slower than a canoe, but much more stable. The great advantage of a mini raft or inflatable canoe is that it cannot be submerged. Unless you puncture all the inflatable tubes at the same time. =) Let us mention that this has not happened yet. The shape of the mini raft makes it easy to handle and suitable for both experienced and inexperienced paddlers.<\/p>\n<p><b>RAFT<\/b><\/p>\n<p>Suitable for rafting at higher water levels or for a group that wants to be together on a boat in the summer months. Rafts can accommodate seven to ten people.<\/p>\n<h3>Are there any extra charges?<\/h3>\n<p>Guide (as additional person), wetsuit (3 Eur)<\/p>\n<h3>what kind of river is the Kolpa?<\/h3>\n<p>The Kolpa is not a dangerous river if boating is organised at favourable water levels. For inexperienced paddlers, we recommend a guide.<\/p>\t\t\t\t\t\t\t\t<\/div>\n\t\t\t\t<\/div>\n\t\t\t\t\t<\/div>\n\t\t<\/div>\n\t\t\t\t\t<\/div>\n\t\t<\/section>\n\t\t\t\t<\/div>\n\t\t","protected":false},"excerpt":{"rendered":"<p>Give your team an unforgettable teambuilding experience We can organise the following activities for your company: organised boating with guides chess workshop with the first Slovenian Grandmaster preparing and baking a local cake farm games Programme and description of activities: On arrival, we welcome you with an aperitif and coffee and introduce you to the [&hellip;]<\/p>\n","protected":false},"author":1,"featured_media":0,"parent":0,"menu_order":0,"comment_status":"closed","ping_status":"closed","template":"","meta":{"inline_featured_image":false,"footnotes":""},"class_list":["post-7571","page","type-page","status-publish","hentry"],"_links":{"self":[{"href":"https:\/\/grandkolpa.si\/en\/wp-json\/wp\/v2\/pages\/7571","targetHints":{"allow":["GET"]}}],"collection":[{"href":"https:\/\/grandkolpa.si\/en\/wp-json\/wp\/v2\/pages"}],"about":[{"href":"https:\/\/grandkolpa.si\/en\/wp-json\/wp\/v2\/types\/page"}],"author":[{"embeddable":true,"href":"https:\/\/grandkolpa.si\/en\/wp-json\/wp\/v2\/users\/1"}],"replies":[{"embeddable":true,"href":"https:\/\/grandkolpa.si\/en\/wp-json\/wp\/v2\/comments?post=7571"}],"version-history":[{"count":4,"href":"https:\/\/grandkolpa.si\/en\/wp-json\/wp\/v2\/pages\/7571\/revisions"}],"predecessor-version":[{"id":7983,"href":"https:\/\/grandkolpa.si\/en\/wp-json\/wp\/v2\/pages\/7571\/revisions\/7983"}],"wp:attachment":[{"href":"https:\/\/grandkolpa.si\/en\/wp-json\/wp\/v2\/media?parent=7571"}],"curies":[{"name":"wp","href":"https:\/\/api.w.org\/{rel}","templated":true}]}}